{"id":230138,"date":"2026-03-12T11:41:37","date_gmt":"2026-03-12T11:41:37","guid":{"rendered":"https:\/\/leverelectrics.com\/?page_id=230138"},"modified":"2026-04-16T11:37:24","modified_gmt":"2026-04-16T11:37:24","slug":"lever","status":"publish","type":"page","link":"https:\/\/leverelectrics.com\/","title":{"rendered":"LEVER"},"content":{"rendered":"<p>[et_pb_section fb_built=\u00bb1&#8243; inner_shadow=\u00bbon\u00bb disabled_on=\u00bboff|off|off\u00bb _builder_version=\u00bb4.27.6&#8243; _module_preset=\u00bbdefault\u00bb background_color=\u00bb#545659&#8243; background_image=\u00bbhttps:\/\/leverelectrics.com\/wp-content\/uploads\/2026\/04\/Armario-cuadro-electrico-Lever-F-F1-4k-w01-cmpr-scaled.jpg\u00bb parallax=\u00bbon\u00bb min_height=\u00bb820px\u00bb custom_padding=\u00bb0px||35px|||\u00bb global_colors_info=\u00bb{}\u00bb][et_pb_row _builder_version=\u00bb4.27.6&#8243; _module_preset=\u00bbdefault\u00bb custom_padding=\u00bb3px||4px|||\u00bb global_colors_info=\u00bb{}\u00bb][et_pb_column type=\u00bb4_4&#8243; _builder_version=\u00bb4.27.6&#8243; _module_preset=\u00bbdefault\u00bb global_colors_info=\u00bb{}\u00bb][\/et_pb_column][\/et_pb_row][\/et_pb_section][et_pb_section fb_built=\u00bb1&#8243; _builder_version=\u00bb4.27.6&#8243; _module_preset=\u00bbdefault\u00bb custom_margin=\u00bb-2px|||||\u00bb custom_padding=\u00bb50px||4px|||\u00bb global_colors_info=\u00bb{}\u00bb][et_pb_row disabled_on=\u00bboff|off|off\u00bb _builder_version=\u00bb4.27.6&#8243; _module_preset=\u00bbdefault\u00bb background_color=\u00bb#545659&#8243; custom_padding=\u00bb||38px|||\u00bb global_colors_info=\u00bb{}\u00bb][et_pb_column type=\u00bb4_4&#8243; _builder_version=\u00bb4.27.6&#8243; _module_preset=\u00bbdefault\u00bb global_colors_info=\u00bb{}\u00bb][et_pb_blurb title=\u00bbCUADROS EL\u00c9CTRICOS Y SOLUCIONES T\u00c9CNICAS\u00bb image=\u00bbhttps:\/\/leverelectrics.com\/wp-content\/uploads\/2026\/03\/logo-flecha-lever-electrics-1.png\u00bb icon_placement=\u00bbleft\u00bb image_icon_width=\u00bb70%\u00bb content_max_width=\u00bb1440px\u00bb _builder_version=\u00bb4.27.6&#8243; _module_preset=\u00bbdefault\u00bb header_font=\u00bb|800|||||||\u00bb header_font_size=\u00bb22px\u00bb body_font=\u00bb|300|||||||\u00bb body_font_size=\u00bb18px\u00bb body_line_height=\u00bb1.3em\u00bb background_layout=\u00bbdark\u00bb custom_padding=\u00bb|||20px|false|false\u00bb global_colors_info=\u00bb{}\u00bb]<\/p>\n<p>Fabricaci\u00f3n e instalaci\u00f3n \/ Servicios t\u00e9cnicos industriales.<\/p>\n<p>[\/et_pb_blurb][\/et_pb_column][\/et_pb_row][et_pb_row _builder_version=\u00bb4.27.6&#8243; _module_preset=\u00bbdefault\u00bb custom_margin=\u00bb40px||40px||false|false\u00bb global_colors_info=\u00bb{}\u00bb][et_pb_column type=\u00bb4_4&#8243; _builder_version=\u00bb4.27.6&#8243; _module_preset=\u00bbdefault\u00bb global_colors_info=\u00bb{}\u00bb][et_pb_gallery gallery_ids=\u00bb231068,230643,230638,230651,230647,230662,230650,231087&#8243; posts_number=\u00bb8&#8243; show_title_and_caption=\u00bboff\u00bb _builder_version=\u00bb4.27.6&#8243; _module_preset=\u00bbdefault\u00bb hover_enabled=\u00bb0&#8243; locked=\u00bboff\u00bb global_colors_info=\u00bb{}\u00bb sticky_enabled=\u00bb0&#8243;][\/et_pb_gallery][\/et_pb_column][\/et_pb_row][\/et_pb_section][et_pb_section fb_built=\u00bb1&#8243; _builder_version=\u00bb4.27.6&#8243; _module_preset=\u00bbdefault\u00bb background_color=\u00bb#545659&#8243; min_height=\u00bb160px\u00bb custom_padding=\u00bb0px||0px|||\u00bb global_colors_info=\u00bb{}\u00bb][et_pb_row _builder_version=\u00bb4.27.6&#8243; _module_preset=\u00bbdefault\u00bb min_height=\u00bb119.8px\u00bb custom_padding=\u00bb40px||0px|||\u00bb global_colors_info=\u00bb{}\u00bb][et_pb_column type=\u00bb4_4&#8243; _builder_version=\u00bb4.27.6&#8243; _module_preset=\u00bbdefault\u00bb global_colors_info=\u00bb{}\u00bb][et_pb_text _builder_version=\u00bb4.27.6&#8243; _module_preset=\u00bbdefault\u00bb text_font=\u00bb|800|||||||\u00bb text_text_color=\u00bb#FFFFFF\u00bb text_font_size=\u00bb24px\u00bb text_letter_spacing=\u00bb1px\u00bb text_orientation=\u00bbcenter\u00bb background_layout=\u00bbdark\u00bb custom_margin=\u00bb||16px|||\u00bb global_colors_info=\u00bb{}\u00bb]<\/p>\n<p>Establecemos colaboraciones y sinergias<\/p>\n<p>[\/et_pb_text][et_pb_text _builder_version=\u00bb4.27.6&#8243; _module_preset=\u00bbdefault\u00bb text_font=\u00bb|300|||||||\u00bb text_letter_spacing=\u00bb1px\u00bb text_orientation=\u00bbcenter\u00bb background_layout=\u00bbdark\u00bb custom_margin=\u00bb||10px|||\u00bb custom_padding=\u00bb||10px|||\u00bb global_colors_info=\u00bb{}\u00bb]<\/p>\n<p>Soluciones el\u00e9ctricas industriales para proyectos sin fricci\u00f3n.<\/p>\n<p>[\/et_pb_text][\/et_pb_column][\/et_pb_row][\/et_pb_section][et_pb_section fb_built=\u00bb1&#8243; _builder_version=\u00bb4.27.6&#8243; _module_preset=\u00bbdefault\u00bb custom_margin=\u00bb-4px|||||\u00bb global_colors_info=\u00bb{}\u00bb][et_pb_row column_structure=\u00bb1_3,1_3,1_3&#8243; make_equal=\u00bbon\u00bb _builder_version=\u00bb4.27.6&#8243; _module_preset=\u00bbdefault\u00bb min_height=\u00bb275.6px\u00bb custom_padding=\u00bb7px||13px|||\u00bb global_colors_info=\u00bb{}\u00bb][et_pb_column type=\u00bb1_3&#8243; _builder_version=\u00bb4.27.6&#8243; _module_preset=\u00bbdefault\u00bb background_color=\u00bb#545659&#8243; global_colors_info=\u00bb{}\u00bb][et_pb_blurb title=\u00bbPalanca de confianza\u00bb image=\u00bbhttps:\/\/leverelectrics.com\/wp-content\/uploads\/2026\/03\/logo-flecha-lever-electrics-1.png\u00bb icon_placement=\u00bbleft\u00bb image_icon_width=\u00bb70%\u00bb _builder_version=\u00bb4.27.6&#8243; _module_preset=\u00bbdefault\u00bb header_font=\u00bb|800|||||||\u00bb header_font_size=\u00bb19px\u00bb background_layout=\u00bbdark\u00bb custom_padding=\u00bb20px|20px||20px|false|false\u00bb global_colors_info=\u00bb{}\u00bb]<\/p>\n<p>&nbsp;<\/p>\n<ul>\n<li>Confiabilidad T\u00e9cnica.<\/li>\n<li>Eficiencia Operativa.<\/li>\n<li>Servicio integral.<\/li>\n<li>Recursos industriales.<\/li>\n<li>Agilidad y rapidez.<\/li>\n<li>Adaptable a los tiempos de los proyectos.<\/li>\n<\/ul>\n<p>[\/et_pb_blurb][\/et_pb_column][et_pb_column type=\u00bb1_3&#8243; _builder_version=\u00bb4.27.6&#8243; _module_preset=\u00bbdefault\u00bb background_color=\u00bb#545659&#8243; global_colors_info=\u00bb{}\u00bb][et_pb_blurb title=\u00bbSocio estrat\u00e9gico\u00bb image=\u00bbhttps:\/\/leverelectrics.com\/wp-content\/uploads\/2026\/03\/logo-flecha-lever-electrics-1.png\u00bb icon_placement=\u00bbleft\u00bb image_icon_width=\u00bb70%\u00bb _builder_version=\u00bb4.27.6&#8243; _module_preset=\u00bbdefault\u00bb header_font=\u00bb|800|||||||\u00bb header_font_size=\u00bb19px\u00bb background_layout=\u00bbdark\u00bb custom_padding=\u00bb20px|20px||20px|false|false\u00bb global_colors_info=\u00bb{}\u00bb]<\/p>\n<p>&nbsp;<\/p>\n<ul>\n<li>Colaboraci\u00f3n, asesor\u00eda y soporte t\u00e9cnico.<\/li>\n<li>Externalizar su cuadro el\u00e9ctrico, instalaciones industriales o proyectos complejos.<\/li>\n<li>Ser el apoyo detr\u00e1s de su marca.<\/li>\n<\/ul>\n<p>[\/et_pb_blurb][\/et_pb_column][et_pb_column type=\u00bb1_3&#8243; _builder_version=\u00bb4.27.6&#8243; _module_preset=\u00bbdefault\u00bb background_color=\u00bb#545659&#8243; global_colors_info=\u00bb{}\u00bb][et_pb_blurb title=\u00bbMultiplica tu valor\u00bb image=\u00bbhttps:\/\/leverelectrics.com\/wp-content\/uploads\/2026\/03\/logo-flecha-lever-electrics-1.png\u00bb icon_placement=\u00bbleft\u00bb image_icon_width=\u00bb70%\u00bb _builder_version=\u00bb4.27.6&#8243; _module_preset=\u00bbdefault\u00bb header_font=\u00bb|800|||||||\u00bb header_font_size=\u00bb19px\u00bb background_layout=\u00bbdark\u00bb custom_padding=\u00bb20px|20px||20px|false|false\u00bb global_colors_info=\u00bb{}\u00bb]<\/p>\n<p>&nbsp;<\/p>\n<ul>\n<li>Con nuestra alianza y colaboraci\u00f3n podr\u00e1 dar mas valor a su tiempo, mejorar beneficios y posicionar su empresa.<\/li>\n<\/ul>\n<p>[\/et_pb_blurb][\/et_pb_column][\/et_pb_row][\/et_pb_section]<\/p>\n","protected":false},"excerpt":{"rendered":"<p>Fabricaci\u00f3n e instalaci\u00f3n \/ Servicios t\u00e9cnicos industriales.Establecemos colaboraciones y sinergiasSoluciones el\u00e9ctricas industriales para proyectos sin fricci\u00f3n.&nbsp; Confiabilidad T\u00e9cnica. Eficiencia Operativa. Servicio integral. Recursos industriales. Agilidad y rapidez. Adaptable a los tiempos de los proyectos. &nbsp; Colaboraci\u00f3n, asesor\u00eda y soporte t\u00e9cnico. Externalizar su cuadro el\u00e9ctrico, instalaciones industriales o proyectos complejos. Ser el apoyo detr\u00e1s de su [&hellip;]<\/p>\n","protected":false},"author":2,"featured_media":0,"parent":0,"menu_order":0,"comment_status":"closed","ping_status":"closed","template":"","meta":{"_et_pb_use_builder":"on","_et_pb_old_content":"","_et_gb_content_width":"","footnotes":""},"class_list":["post-230138","page","type-page","status-publish","hentry"],"_links":{"self":[{"href":"https:\/\/leverelectrics.com\/index.php\/wp-json\/wp\/v2\/pages\/230138","targetHints":{"allow":["GET"]}}],"collection":[{"href":"https:\/\/leverelectrics.com\/index.php\/wp-json\/wp\/v2\/pages"}],"about":[{"href":"https:\/\/leverelectrics.com\/index.php\/wp-json\/wp\/v2\/types\/page"}],"author":[{"embeddable":true,"href":"https:\/\/leverelectrics.com\/index.php\/wp-json\/wp\/v2\/users\/2"}],"replies":[{"embeddable":true,"href":"https:\/\/leverelectrics.com\/index.php\/wp-json\/wp\/v2\/comments?post=230138"}],"version-history":[{"count":45,"href":"https:\/\/leverelectrics.com\/index.php\/wp-json\/wp\/v2\/pages\/230138\/revisions"}],"predecessor-version":[{"id":231090,"href":"https:\/\/leverelectrics.com\/index.php\/wp-json\/wp\/v2\/pages\/230138\/revisions\/231090"}],"wp:attachment":[{"href":"https:\/\/leverelectrics.com\/index.php\/wp-json\/wp\/v2\/media?parent=230138"}],"curies":[{"name":"wp","href":"https:\/\/api.w.org\/{rel}","templated":true}]}}