{"id":230290,"date":"2026-04-08T10:41:14","date_gmt":"2026-04-08T10:41:14","guid":{"rendered":"https:\/\/leverelectrics.com\/?page_id=230290"},"modified":"2026-04-16T11:36:21","modified_gmt":"2026-04-16T11:36:21","slug":"servicios","status":"publish","type":"page","link":"https:\/\/leverelectrics.com\/index.php\/servicios\/","title":{"rendered":"SERVICIOS"},"content":{"rendered":"<p>[et_pb_section fb_built=\u00bb1&#8243; disabled_on=\u00bboff|off|off\u00bb _builder_version=\u00bb4.27.6&#8243; _module_preset=\u00bbdefault\u00bb background_image=\u00bbhttps:\/\/leverelectrics.com\/wp-content\/uploads\/2026\/04\/Armario-cuadros-electricos-Lever-w01-maquina-2-cmpr-scaled.jpg\u00bb parallax=\u00bbon\u00bb height=\u00bb1000px\u00bb custom_margin=\u00bb||-4px|||\u00bb custom_padding=\u00bb||397px||false|false\u00bb global_colors_info=\u00bb{}\u00bb][et_pb_row _builder_version=\u00bb4.27.6&#8243; _module_preset=\u00bbdefault\u00bb custom_padding=\u00bb3px||4px|||\u00bb global_colors_info=\u00bb{}\u00bb][et_pb_column type=\u00bb4_4&#8243; _builder_version=\u00bb4.27.6&#8243; _module_preset=\u00bbdefault\u00bb global_colors_info=\u00bb{}\u00bb][\/et_pb_column][\/et_pb_row][\/et_pb_section][et_pb_section fb_built=\u00bb1&#8243; disabled_on=\u00bboff|off|off\u00bb _builder_version=\u00bb4.27.6&#8243; _module_preset=\u00bbdefault\u00bb custom_margin=\u00bb-2px|||||\u00bb custom_padding=\u00bb50px||4px|||\u00bb global_colors_info=\u00bb{}\u00bb][et_pb_row _builder_version=\u00bb4.27.6&#8243; _module_preset=\u00bbdefault\u00bb min_height=\u00bb98.8px\u00bb custom_padding=\u00bb35px||35px|||\u00bb global_colors_info=\u00bb{}\u00bb][et_pb_column type=\u00bb4_4&#8243; _builder_version=\u00bb4.27.6&#8243; _module_preset=\u00bbdefault\u00bb global_colors_info=\u00bb{}\u00bb][et_pb_text _builder_version=\u00bb4.27.6&#8243; _module_preset=\u00bbdefault\u00bb text_font_size=\u00bb26px\u00bb header_font_size=\u00bb28px\u00bb text_orientation=\u00bbcenter\u00bb custom_margin=\u00bb||-4px|||\u00bb custom_padding=\u00bb||0px||false|false\u00bb locked=\u00bboff\u00bb global_colors_info=\u00bb{}\u00bb]<\/p>\n<p style=\"text-align: center;\"><em>\u00abTu partner estrat\u00e9gico en cuadros el\u00e9ctricos: sin retrasos, sin errores y bajo normativa\u00bb<\/em><\/p>\n<p>[\/et_pb_text][et_pb_text disabled_on=\u00bbon|on|on\u00bb _builder_version=\u00bb4.27.6&#8243; _module_preset=\u00bbdefault\u00bb text_font_size=\u00bb26px\u00bb header_font_size=\u00bb28px\u00bb text_orientation=\u00bbcenter\u00bb custom_margin=\u00bb||-4px|||\u00bb custom_padding=\u00bb||0px||false|false\u00bb disabled=\u00bbon\u00bb locked=\u00bboff\u00bb global_colors_info=\u00bb{}\u00bb]<\/p>\n<p><em>\u00abNuestros productos y soluciones generan confianza y dan m\u00e1s valor a sus servicios\u00bb<\/em><\/p>\n<p>[\/et_pb_text][\/et_pb_column][\/et_pb_row][et_pb_row _builder_version=\u00bb4.27.6&#8243; _module_preset=\u00bbdefault\u00bb background_color=\u00bbRGBA(255,255,255,0)\u00bb custom_margin=\u00bb0px|auto|22px|auto||\u00bb global_colors_info=\u00bb{}\u00bb][et_pb_column type=\u00bb4_4&#8243; _builder_version=\u00bb4.27.6&#8243; _module_preset=\u00bbdefault\u00bb background_color=\u00bb#AC5B56&#8243; global_colors_info=\u00bb{}\u00bb][et_pb_blurb title=\u00bbOFRECEMOS\u00bb image=\u00bbhttps:\/\/leverelectrics.com\/wp-content\/uploads\/2026\/04\/logo-flecha-lever-electrics-1-gris-300&#215;300-1.png\u00bb icon_placement=\u00bbleft\u00bb image_icon_width=\u00bb80%\u00bb content_max_width=\u00bb100%\u00bb _builder_version=\u00bb4.27.6&#8243; _module_preset=\u00bbdefault\u00bb header_font=\u00bb|800|||||||\u00bb header_font_size=\u00bb32px\u00bb image_icon_custom_margin=\u00bb4px||||false|false\u00bb background_layout=\u00bbdark\u00bb custom_padding=\u00bb20px||10px|20px|false|false\u00bb custom_padding_tablet=\u00bb|||20px|false|false\u00bb custom_padding_phone=\u00bb|||15px|false|false\u00bb custom_padding_last_edited=\u00bbon|tablet\u00bb global_colors_info=\u00bb{}\u00bb][\/et_pb_blurb][\/et_pb_column][\/et_pb_row][et_pb_row _builder_version=\u00bb4.27.6&#8243; _module_preset=\u00bbdefault\u00bb custom_margin=\u00bb||||false|false\u00bb custom_padding=\u00bb5px||||false|false\u00bb global_colors_info=\u00bb{}\u00bb][et_pb_column type=\u00bb4_4&#8243; _builder_version=\u00bb4.27.6&#8243; _module_preset=\u00bbdefault\u00bb global_colors_info=\u00bb{}\u00bb][et_pb_text disabled_on=\u00bboff|off|off\u00bb _builder_version=\u00bb4.27.6&#8243; _module_preset=\u00bbdefault\u00bb text_font_size=\u00bb22px\u00bb header_font_size=\u00bb28px\u00bb text_orientation=\u00bbcenter\u00bb custom_margin=\u00bb||-4px|||\u00bb custom_padding=\u00bb||0px||false|false\u00bb global_colors_info=\u00bb{}\u00bb]<\/p>\n<p><em>\u00abNuestro criterio es siempre orden, fiabilidad y claridad\u00bb<\/em><\/p>\n<p>[\/et_pb_text][\/et_pb_column][\/et_pb_row][et_pb_row column_structure=\u00bb1_2,1_2&#8243; use_custom_gutter=\u00bbon\u00bb make_equal=\u00bbon\u00bb disabled_on=\u00bboff|off|off\u00bb _builder_version=\u00bb4.27.6&#8243; _module_preset=\u00bbdefault\u00bb background_color=\u00bbRGBA(255,255,255,0)\u00bb min_height=\u00bb445.6px\u00bb custom_margin=\u00bb2px|auto||auto||\u00bb custom_padding=\u00bb30px||60px|||\u00bb global_colors_info=\u00bb{}\u00bb][et_pb_column type=\u00bb1_2&#8243; _builder_version=\u00bb4.27.6&#8243; _module_preset=\u00bbdefault\u00bb background_color=\u00bbRGBA(255,255,255,0)\u00bb global_colors_info=\u00bb{}\u00bb][et_pb_blurb title=\u00bbCUADROS EL\u00c9CTRICOS\u00bb image=\u00bbhttps:\/\/leverelectrics.com\/wp-content\/uploads\/2026\/03\/logo-flecha-lever-electrics-1.png\u00bb icon_placement=\u00bbleft\u00bb image_icon_width=\u00bb60%\u00bb content_max_width=\u00bb100%\u00bb _builder_version=\u00bb4.27.6&#8243; _module_preset=\u00bbdefault\u00bb header_font=\u00bb|800|||||||\u00bb header_font_size=\u00bb22px\u00bb header_line_height=\u00bb1.2em\u00bb body_font=\u00bb|300|||||||\u00bb body_line_height=\u00bb1em\u00bb background_color=\u00bb#545659&#8243; image_icon_custom_margin=\u00bb||||false|false\u00bb image_icon_custom_padding=\u00bb||||false|false\u00bb background_layout=\u00bbdark\u00bb custom_margin=\u00bb||||false|false\u00bb custom_padding=\u00bb20px||20px|20px|false|false\u00bb global_colors_info=\u00bb{}\u00bb]<\/p>\n<p>Fabricaci\u00f3n e instalaci\u00f3n<\/p>\n<p>[\/et_pb_blurb][et_pb_text _builder_version=\u00bb4.27.6&#8243; _module_preset=\u00bbdefault\u00bb custom_margin=\u00bb||-1px|50px|false|false\u00bb custom_padding=\u00bb||0px|||\u00bb global_colors_info=\u00bb{}\u00bb]<\/p>\n<ul>\n<li>El cliente define el producto.<\/li>\n<li>Nos adaptamos a su forma de trabajar.<\/li>\n<li>Fabricaci\u00f3n personalizada bajo las directrices exactas del cliente:\n<ul>\n<li>Fabricaci\u00f3n.<\/li>\n<li>Montaje.<\/li>\n<li>Verificaci\u00f3n.<\/li>\n<\/ul>\n<\/li>\n<\/ul>\n<p>[\/et_pb_text][\/et_pb_column][et_pb_column type=\u00bb1_2&#8243; _builder_version=\u00bb4.27.6&#8243; _module_preset=\u00bbdefault\u00bb background_color=\u00bbRGBA(255,255,255,0)\u00bb global_colors_info=\u00bb{}\u00bb][et_pb_blurb title=\u00bbSOLUCIONES T\u00c9CNICAS\u00bb image=\u00bbhttps:\/\/leverelectrics.com\/wp-content\/uploads\/2026\/03\/logo-flecha-lever-electrics-1.png\u00bb icon_placement=\u00bbleft\u00bb image_icon_width=\u00bb60%\u00bb content_max_width=\u00bb100%\u00bb _builder_version=\u00bb4.27.6&#8243; _module_preset=\u00bbdefault\u00bb header_font=\u00bb|800|||||||\u00bb header_font_size=\u00bb22px\u00bb header_line_height=\u00bb1.2em\u00bb body_font=\u00bb|300|||||||\u00bb body_line_height=\u00bb1em\u00bb background_color=\u00bb#545659&#8243; image_icon_custom_margin=\u00bb||||false|false\u00bb image_icon_custom_padding=\u00bb||||false|false\u00bb background_layout=\u00bbdark\u00bb custom_margin=\u00bb||||false|false\u00bb custom_padding=\u00bb20px||20px|20px|false|false\u00bb global_colors_info=\u00bb{}\u00bb]<\/p>\n<p>Servicios t\u00e9cnicos industriales<\/p>\n<p>[\/et_pb_blurb][et_pb_text _builder_version=\u00bb4.27.6&#8243; _module_preset=\u00bbdefault\u00bb custom_margin=\u00bb|||50px|false|false\u00bb global_colors_info=\u00bb{}\u00bb]<\/p>\n<ul>\n<li><strong>Apoyo T\u00e9cnico.<\/strong>\n<ul>\n<li>Revisi\u00f3n de esquemas, propuestas de mejora y ajustes a normativa y mantenimiento.<\/li>\n<\/ul>\n<\/li>\n<li><strong>Soluci\u00f3n Completa.<\/strong>\n<ul>\n<li>Dise\u00f1o e ingenier\u00eda, selecci\u00f3n de componentes, fabricaci\u00f3n y documentaci\u00f3n t\u00e9cnica.<\/li>\n<\/ul>\n<\/li>\n<\/ul>\n<p>[\/et_pb_text][\/et_pb_column][\/et_pb_row][et_pb_row _builder_version=\u00bb4.27.6&#8243; _module_preset=\u00bbdefault\u00bb background_image=\u00bbhttps:\/\/leverelectrics.com\/wp-content\/uploads\/2026\/04\/Armario-cuadro-electrico-Lever-electrics-F7-AI01-2K-cmpr.jpg\u00bb parallax=\u00bbon\u00bb background_blend=\u00bbsoft-light\u00bb min_height=\u00bb300px\u00bb height=\u00bb300px\u00bb max_height=\u00bb400px\u00bb custom_margin=\u00bb|auto|50px|auto||\u00bb custom_padding=\u00bb||||false|false\u00bb global_colors_info=\u00bb{}\u00bb][et_pb_column type=\u00bb4_4&#8243; _builder_version=\u00bb4.27.6&#8243; _module_preset=\u00bbdefault\u00bb global_colors_info=\u00bb{}\u00bb][\/et_pb_column][\/et_pb_row][\/et_pb_section][et_pb_section fb_built=\u00bb1&#8243; disabled_on=\u00bboff|off|off\u00bb _builder_version=\u00bb4.27.6&#8243; _module_preset=\u00bbdefault\u00bb custom_margin=\u00bb-2px|||||\u00bb custom_padding=\u00bb2px||4px|||\u00bb global_colors_info=\u00bb{}\u00bb][et_pb_row _builder_version=\u00bb4.27.6&#8243; _module_preset=\u00bbdefault\u00bb background_color=\u00bbRGBA(255,255,255,0)\u00bb custom_margin=\u00bb0px|auto|22px|auto||\u00bb global_colors_info=\u00bb{}\u00bb][et_pb_column type=\u00bb4_4&#8243; _builder_version=\u00bb4.27.6&#8243; _module_preset=\u00bbdefault\u00bb background_color=\u00bb#AC5B56&#8243; global_colors_info=\u00bb{}\u00bb][et_pb_blurb title=\u00bbPRODUCTOS\u00bb image=\u00bbhttps:\/\/leverelectrics.com\/wp-content\/uploads\/2026\/04\/logo-flecha-lever-electrics-1-gris-300&#215;300-1.png\u00bb icon_placement=\u00bbleft\u00bb image_icon_width=\u00bb80%\u00bb content_max_width=\u00bb100%\u00bb _builder_version=\u00bb4.27.6&#8243; _module_preset=\u00bbdefault\u00bb header_font=\u00bb|800|||||||\u00bb header_font_size=\u00bb32px\u00bb image_icon_custom_margin=\u00bb4px||||false|false\u00bb background_layout=\u00bbdark\u00bb custom_padding=\u00bb20px||10px|20px|false|false\u00bb custom_padding_tablet=\u00bb|||20px|false|false\u00bb custom_padding_phone=\u00bb|||15px|false|false\u00bb custom_padding_last_edited=\u00bbon|tablet\u00bb global_colors_info=\u00bb{}\u00bb][\/et_pb_blurb][\/et_pb_column][\/et_pb_row][et_pb_row _builder_version=\u00bb4.27.6&#8243; _module_preset=\u00bbdefault\u00bb custom_margin=\u00bb||||false|false\u00bb custom_padding=\u00bb5px||||false|false\u00bb global_colors_info=\u00bb{}\u00bb][et_pb_column type=\u00bb4_4&#8243; _builder_version=\u00bb4.27.6&#8243; _module_preset=\u00bbdefault\u00bb global_colors_info=\u00bb{}\u00bb][et_pb_text disabled_on=\u00bboff|off|off\u00bb _builder_version=\u00bb4.27.6&#8243; _module_preset=\u00bbdefault\u00bb text_font_size=\u00bb22px\u00bb header_font_size=\u00bb28px\u00bb text_orientation=\u00bbcenter\u00bb custom_margin=\u00bb||-4px|||\u00bb custom_padding=\u00bb||0px||false|false\u00bb global_colors_info=\u00bb{}\u00bb]<\/p>\n<p>\u00abSistemas dise\u00f1ados para garantizar la continuidad operativa y eliminar incidencias inesperadas.\u00bb<\/p>\n<p>[\/et_pb_text][\/et_pb_column][\/et_pb_row][et_pb_row column_structure=\u00bb1_2,1_2&#8243; use_custom_gutter=\u00bbon\u00bb make_equal=\u00bbon\u00bb disabled_on=\u00bboff|off|off\u00bb _builder_version=\u00bb4.27.6&#8243; _module_preset=\u00bbdefault\u00bb background_color=\u00bbRGBA(255,255,255,0)\u00bb custom_margin=\u00bb2px|auto||auto||\u00bb custom_padding=\u00bb30px||60px|||\u00bb global_colors_info=\u00bb{}\u00bb][et_pb_column type=\u00bb1_2&#8243; _builder_version=\u00bb4.27.6&#8243; _module_preset=\u00bbdefault\u00bb background_color=\u00bbRGBA(255,255,255,0)\u00bb global_colors_info=\u00bb{}\u00bb][et_pb_blurb title=\u00bbFABRICAMOS\u00bb image=\u00bbhttps:\/\/leverelectrics.com\/wp-content\/uploads\/2026\/03\/logo-flecha-lever-electrics-1.png\u00bb icon_placement=\u00bbleft\u00bb image_icon_width=\u00bb60%\u00bb content_max_width=\u00bb100%\u00bb _builder_version=\u00bb4.27.6&#8243; _module_preset=\u00bbdefault\u00bb header_font=\u00bb|800|||||||\u00bb header_font_size=\u00bb22px\u00bb header_line_height=\u00bb1.2em\u00bb body_font=\u00bb|300|||||||\u00bb body_line_height=\u00bb1em\u00bb background_color=\u00bb#545659&#8243; image_icon_custom_margin=\u00bb||||false|false\u00bb image_icon_custom_padding=\u00bb||||false|false\u00bb background_layout=\u00bbdark\u00bb custom_margin=\u00bb||41px||false|false\u00bb custom_padding=\u00bb20px||20px|20px|false|false\u00bb locked=\u00bboff\u00bb global_colors_info=\u00bb{}\u00bb]<\/p>\n<p>Fabricaci\u00f3n personalizada<\/p>\n<p>[\/et_pb_blurb][et_pb_text disabled_on=\u00bboff|off|off\u00bb _builder_version=\u00bb4.27.6&#8243; _module_preset=\u00bbdefault\u00bb text_line_height=\u00bb1.3em\u00bb header_4_line_height=\u00bb1.3em\u00bb custom_margin=\u00bb||60px|50px|false|false\u00bb global_colors_info=\u00bb{}\u00bb]<\/p>\n<ul>\n<li>Cuadros generales de baja tensi\u00f3n (CGBT).<\/li>\n<li>Cuadros de distribuci\u00f3n y protecci\u00f3n.<\/li>\n<li>Centros de control de motores (CCM).<\/li>\n<li>Armarios de control y automatizaci\u00f3n (PLC, HMI).<\/li>\n<li>Armarios mixtos potencia + control.<\/li>\n<\/ul>\n<p>[\/et_pb_text][et_pb_cta title=\u00bbTrabaja con nosotros\u00bb button_url=\u00bbhttps:\/\/leverelectrics.com\/index.php\/contacto\/\u00bb button_text=\u00bb\u00a1Solic\u00edtalo ya!\u00bb _builder_version=\u00bb4.27.6&#8243; _module_preset=\u00bbdefault\u00bb header_level=\u00bbh1&#8243; header_font_size=\u00bb22px\u00bb body_font=\u00bb|700|||||||\u00bb body_text_color=\u00bb#FFFFFF\u00bb body_font_size=\u00bb18px\u00bb background_color=\u00bb#AC5B56&#8243; custom_button=\u00bbon\u00bb button_text_color=\u00bb#FFFFFF\u00bb button_border_width=\u00bb2px\u00bb button_border_color=\u00bb#BE8479&#8243; button_font=\u00bb|700|||||||\u00bb button_use_icon=\u00bboff\u00bb custom_margin=\u00bb||50px||false|false\u00bb custom_padding=\u00bb||||false|false\u00bb animation_style=\u00bbfade\u00bb link_option_url=\u00bbhttps:\/\/leverelectrics.com\/index.php\/contacto\/\u00bb box_shadow_style_button=\u00bbpreset1&#8243; box_shadow_blur_button=\u00bb5px\u00bb global_colors_info=\u00bb{}\u00bb]<\/p>\n<p style=\"text-align: center;\"><em>Tu presupuesto sin compromiso<\/em><\/p>\n<p>[\/et_pb_cta][\/et_pb_column][et_pb_column type=\u00bb1_2&#8243; _builder_version=\u00bb4.27.6&#8243; _module_preset=\u00bbdefault\u00bb background_color=\u00bbRGBA(255,255,255,0)\u00bb global_colors_info=\u00bb{}\u00bb][et_pb_blurb title=\u00bbOBTIENES\u00bb image=\u00bbhttps:\/\/leverelectrics.com\/wp-content\/uploads\/2026\/03\/logo-flecha-lever-electrics-1.png\u00bb icon_placement=\u00bbleft\u00bb image_icon_width=\u00bb60%\u00bb content_max_width=\u00bb100%\u00bb _builder_version=\u00bb4.27.6&#8243; _module_preset=\u00bbdefault\u00bb header_font=\u00bb|800|||||||\u00bb header_font_size=\u00bb22px\u00bb header_line_height=\u00bb1.2em\u00bb body_font=\u00bb|300|||||||\u00bb body_line_height=\u00bb1em\u00bb background_color=\u00bb#545659&#8243; image_icon_custom_margin=\u00bb||||false|false\u00bb image_icon_custom_padding=\u00bb||||false|false\u00bb background_layout=\u00bbdark\u00bb custom_margin=\u00bb||||false|false\u00bb custom_padding=\u00bb20px||20px|20px|false|false\u00bb locked=\u00bboff\u00bb global_colors_info=\u00bb{}\u00bb]<\/p>\n<p>Soluciones personalizadas<\/p>\n<p>[\/et_pb_blurb][et_pb_text _builder_version=\u00bb4.27.6&#8243; _module_preset=\u00bbdefault\u00bb text_line_height=\u00bb1.3em\u00bb header_4_line_height=\u00bb1.3em\u00bb custom_margin=\u00bb||60px|50px|false|false\u00bb global_colors_info=\u00bb{}\u00bb]<\/p>\n<h4><strong>Excelencia en el Dise\u00f1o y Fabricaci\u00f3n<\/strong><\/h4>\n<ul>\n<li style=\"list-style-type: none;\">\n<ul>\n<li>Cumplimiento mormativo y certificaci\u00f3n.<\/li>\n<li>Montaje optimizado para el mantenimiento.<\/li>\n<li>Ingenier\u00eda de detalle y esquemas claros.<\/li>\n<\/ul>\n<\/li>\n<\/ul>\n<h4>\u00a0Fiabilidad y Control de Calidad<\/h4>\n<ul>\n<li style=\"list-style-type: none;\">\n<ul>\n<li>Protocolo de pruebas pre-entrega.<\/li>\n<li>Documentaci\u00f3n t\u00e9cnica \u00fatil y accesible.<\/li>\n<li>Compromiso de entrega (Cero estr\u00e9s).<\/li>\n<\/ul>\n<\/li>\n<\/ul>\n<h4>Valor A\u00f1adido para tu Negocio<\/h4>\n<ul>\n<li style=\"list-style-type: none;\">\n<ul>\n<li>Optimizaci\u00f3n de tus recursos.<\/li>\n<li>Asistencia t\u00e9cnica especializada.<\/li>\n<li>Comunicaci\u00f3n directa y \u00e1gil.<\/li>\n<\/ul>\n<\/li>\n<\/ul>\n<p>[\/et_pb_text][\/et_pb_column][\/et_pb_row][et_pb_row _builder_version=\u00bb4.27.6&#8243; _module_preset=\u00bbdefault\u00bb background_image=\u00bbhttps:\/\/leverelectrics.com\/wp-content\/uploads\/2026\/03\/IMG_2349-scaled.jpg\u00bb parallax=\u00bbon\u00bb background_blend=\u00bbsoft-light\u00bb min_height=\u00bb300px\u00bb height=\u00bb300px\u00bb max_height=\u00bb400px\u00bb custom_margin=\u00bb|auto|80px|auto||\u00bb custom_padding=\u00bb||||false|false\u00bb global_colors_info=\u00bb{}\u00bb][et_pb_column type=\u00bb4_4&#8243; _builder_version=\u00bb4.27.6&#8243; _module_preset=\u00bbdefault\u00bb global_colors_info=\u00bb{}\u00bb][\/et_pb_column][\/et_pb_row][et_pb_row disabled_on=\u00bboff|off|off\u00bb _builder_version=\u00bb4.27.6&#8243; _module_preset=\u00bbdefault\u00bb background_color=\u00bb#545659&#8243; custom_padding=\u00bb14px||7px||false|false\u00bb locked=\u00bboff\u00bb global_colors_info=\u00bb{}\u00bb][et_pb_column type=\u00bb4_4&#8243; _builder_version=\u00bb4.27.6&#8243; _module_preset=\u00bbdefault\u00bb global_colors_info=\u00bb{}\u00bb][et_pb_blurb title=\u00bbCUADROS EL\u00c9CTRICOS Y PROYECTOS\u00bb image=\u00bbhttps:\/\/leverelectrics.com\/wp-content\/uploads\/2026\/03\/logo-flecha-lever-electrics-1.png\u00bb icon_placement=\u00bbleft\u00bb image_icon_width=\u00bb60%\u00bb content_max_width=\u00bb100%\u00bb _builder_version=\u00bb4.27.6&#8243; _module_preset=\u00bbdefault\u00bb header_font=\u00bb|800|||||||\u00bb header_font_size=\u00bb22px\u00bb header_line_height=\u00bb1.2em\u00bb body_font=\u00bb|300|||||||\u00bb body_line_height=\u00bb1em\u00bb background_color=\u00bb#545659&#8243; image_icon_custom_margin=\u00bb||||false|false\u00bb image_icon_custom_padding=\u00bb||||false|false\u00bb background_layout=\u00bbdark\u00bb custom_margin=\u00bb||6px||false|false\u00bb custom_padding=\u00bb20px||20px|20px|false|false\u00bb locked=\u00bboff\u00bb global_colors_info=\u00bb{}\u00bb][\/et_pb_blurb][\/et_pb_column][\/et_pb_row][et_pb_row use_custom_gutter=\u00bbon\u00bb make_equal=\u00bbon\u00bb _builder_version=\u00bb4.27.6&#8243; _module_preset=\u00bbdefault\u00bb custom_margin=\u00bb-3px|auto||auto||\u00bb custom_padding=\u00bb60px|||||\u00bb global_colors_info=\u00bb{}\u00bb][et_pb_column type=\u00bb4_4&#8243; _builder_version=\u00bb4.27.6&#8243; _module_preset=\u00bbdefault\u00bb global_colors_info=\u00bb{}\u00bb][et_pb_gallery gallery_ids=\u00bb230643,231068,230638,231084,230651,230646,230647,230645,230644,230662,230650,231087,230640,230661,230660,230663&#8243; posts_number=\u00bb8&#8243; show_title_and_caption=\u00bboff\u00bb _builder_version=\u00bb4.27.6&#8243; _module_preset=\u00bbdefault\u00bb pagination_text_align=\u00bbcenter\u00bb pagination_text_color=\u00bb#AC5B56&#8243; pagination_font_size=\u00bb18px\u00bb hover_enabled=\u00bb0&#8243; global_colors_info=\u00bb{}\u00bb sticky_enabled=\u00bb0&#8243;][\/et_pb_gallery][\/et_pb_column][\/et_pb_row][\/et_pb_section]<\/p>\n","protected":false},"excerpt":{"rendered":"<p>\u00abTu partner estrat\u00e9gico en cuadros el\u00e9ctricos: sin retrasos, sin errores y bajo normativa\u00bb\u00bbNuestros productos y soluciones generan confianza y dan m\u00e1s valor a sus servicios\u00bb\u00bbNuestro criterio es siempre orden, fiabilidad y claridad\u00bbFabricaci\u00f3n e instalaci\u00f3n El cliente define el producto. Nos adaptamos a su forma de trabajar. Fabricaci\u00f3n personalizada bajo las directrices exactas del cliente: Fabricaci\u00f3n. [&hellip;]<\/p>\n","protected":false},"author":2,"featured_media":0,"parent":0,"menu_order":0,"comment_status":"closed","ping_status":"closed","template":"","meta":{"_et_pb_use_builder":"on","_et_pb_old_content":"","_et_gb_content_width":"","footnotes":""},"class_list":["post-230290","page","type-page","status-publish","hentry"],"_links":{"self":[{"href":"https:\/\/leverelectrics.com\/index.php\/wp-json\/wp\/v2\/pages\/230290","targetHints":{"allow":["GET"]}}],"collection":[{"href":"https:\/\/leverelectrics.com\/index.php\/wp-json\/wp\/v2\/pages"}],"about":[{"href":"https:\/\/leverelectrics.com\/index.php\/wp-json\/wp\/v2\/types\/page"}],"author":[{"embeddable":true,"href":"https:\/\/leverelectrics.com\/index.php\/wp-json\/wp\/v2\/users\/2"}],"replies":[{"embeddable":true,"href":"https:\/\/leverelectrics.com\/index.php\/wp-json\/wp\/v2\/comments?post=230290"}],"version-history":[{"count":145,"href":"https:\/\/leverelectrics.com\/index.php\/wp-json\/wp\/v2\/pages\/230290\/revisions"}],"predecessor-version":[{"id":231088,"href":"https:\/\/leverelectrics.com\/index.php\/wp-json\/wp\/v2\/pages\/230290\/revisions\/231088"}],"wp:attachment":[{"href":"https:\/\/leverelectrics.com\/index.php\/wp-json\/wp\/v2\/media?parent=230290"}],"curies":[{"name":"wp","href":"https:\/\/api.w.org\/{rel}","templated":true}]}}