{"id":230691,"date":"2026-04-09T09:20:33","date_gmt":"2026-04-09T09:20:33","guid":{"rendered":"https:\/\/leverelectrics.com\/?page_id=230691"},"modified":"2026-04-10T10:17:05","modified_gmt":"2026-04-10T10:17:05","slug":"contacto","status":"publish","type":"page","link":"https:\/\/leverelectrics.com\/index.php\/contacto\/","title":{"rendered":"CONTACTO"},"content":{"rendered":"<p>[et_pb_section fb_built=\u00bb1&#8243; _builder_version=\u00bb4.27.6&#8243; _module_preset=\u00bbdefault\u00bb global_colors_info=\u00bb{}\u00bb custom_padding=\u00bb35px|||||\u00bb][et_pb_row column_structure=\u00bb1_2,1_2&#8243; _builder_version=\u00bb4.27.6&#8243; _module_preset=\u00bbdefault\u00bb custom_padding=\u00bb||0px|||\u00bb hover_enabled=\u00bb0&#8243; global_colors_info=\u00bb{}\u00bb sticky_enabled=\u00bb0&#8243;][et_pb_column type=\u00bb1_2&#8243; _builder_version=\u00bb4.27.6&#8243; _module_preset=\u00bbdefault\u00bb global_colors_info=\u00bb{}\u00bb][et_pb_blurb title=\u00bbCONTACTO\u00bb image=\u00bbhttps:\/\/leverelectrics.com\/wp-content\/uploads\/2026\/04\/logo-flecha-lever-electrics-1-gris-300&#215;300-1-150&#215;150.png\u00bb icon_placement=\u00bbleft\u00bb content_max_width=\u00bb640px\u00bb content_max_width_tablet=\u00bb560px\u00bb content_max_width_phone=\u00bb560px\u00bb content_max_width_last_edited=\u00bbon|tablet\u00bb _builder_version=\u00bb4.27.6&#8243; _module_preset=\u00bbdefault\u00bb header_font=\u00bb|800|||||||\u00bb header_text_align=\u00bbleft\u00bb header_font_size=\u00bb26px\u00bb body_font=\u00bb|300|||||||\u00bb body_letter_spacing=\u00bb1px\u00bb background_color=\u00bb#AC5B56&#8243; image_icon_custom_margin=\u00bb5px|||10px|false|false\u00bb image_icon_custom_padding=\u00bb0px||||false|false\u00bb background_layout=\u00bbdark\u00bb module_alignment=\u00bbleft\u00bb custom_margin=\u00bb||70px||false|false\u00bb custom_padding=\u00bb15px||5px||false|false\u00bb custom_padding_tablet=\u00bb|20px|||false|false\u00bb custom_padding_phone=\u00bb|||20px|false|false\u00bb custom_padding_last_edited=\u00bbon|desktop\u00bb animation=\u00bboff\u00bb hover_enabled=\u00bb0&#8243; locked=\u00bboff\u00bb global_colors_info=\u00bb{}\u00bb sticky_enabled=\u00bb0&#8243;][\/et_pb_blurb][et_pb_blurb title=\u00bbTel\u00e9fono\u00bb use_icon=\u00bbon\u00bb font_icon=\u00bb&#xf879;||fa||900&#8243; icon_color=\u00bb#AC5B56&#8243; image_icon_background_color=\u00bbRGBA(255,255,255,0)\u00bb icon_placement=\u00bbleft\u00bb image_icon_width=\u00bb30px\u00bb content_max_width=\u00bb100%\u00bb _builder_version=\u00bb4.27.6&#8243; _module_preset=\u00bbdefault\u00bb header_font_size=\u00bb22px\u00bb body_font_size=\u00bb18px\u00bb custom_margin=\u00bb||30px|||\u00bb custom_padding=\u00bb||15px|||\u00bb hover_enabled=\u00bb0&#8243; global_colors_info=\u00bb{}\u00bb sticky_enabled=\u00bb0&#8243;]<\/p>\n<p><a href=\"tel:+34968781925\">968 781 925<\/a><\/p>\n<p>[\/et_pb_blurb][et_pb_blurb title=\u00bbCorreo\u00bb url_new_window=\u00bbon\u00bb use_icon=\u00bbon\u00bb font_icon=\u00bb&#xe076;||divi||400&#8243; icon_color=\u00bb#AC5B56&#8243; image_icon_background_color=\u00bbRGBA(255,255,255,0)\u00bb icon_placement=\u00bbleft\u00bb image_icon_width=\u00bb30px\u00bb content_max_width=\u00bb100%\u00bb _builder_version=\u00bb4.27.6&#8243; _module_preset=\u00bbdefault\u00bb header_font_size=\u00bb22px\u00bb body_font_size=\u00bb18px\u00bb custom_margin=\u00bb||30px|||\u00bb custom_padding=\u00bb||15px|||\u00bb hover_enabled=\u00bb0&#8243; global_colors_info=\u00bb{}\u00bb sticky_enabled=\u00bb0&#8243;]<\/p>\n<p><a href=\"mailto:lever@leverelectrics.com\" target=\"_blank\" rel=\"noopener\">lever@leverelectrics.com<\/a><\/p>\n<p>[\/et_pb_blurb][et_pb_blurb title=\u00bbLocalizaci\u00f3n\u00bb use_icon=\u00bbon\u00bb font_icon=\u00bb&#xf3c5;||fa||900&#8243; icon_color=\u00bb#AC5B56&#8243; icon_placement=\u00bbleft\u00bb image_icon_width=\u00bb30px\u00bb content_max_width=\u00bb100%\u00bb _builder_version=\u00bb4.27.6&#8243; _module_preset=\u00bbdefault\u00bb header_font_size=\u00bb22px\u00bb body_font=\u00bb||||||||\u00bb body_font_size=\u00bb18px\u00bb custom_margin=\u00bb||27px||false|false\u00bb custom_padding=\u00bb||28px||false|false\u00bb hover_enabled=\u00bb0&#8243; global_colors_info=\u00bb{}\u00bb sticky_enabled=\u00bb0&#8243;]<\/p>\n<p><a href=\"https:\/\/maps.app.goo.gl\/Km9iKUPRMB92MYrN8\" target=\"_blank\" rel=\"noopener\">P. I. Los Romerales, parc. 19, Jumilla (Murcia)<\/a><\/p>\n<p>[\/et_pb_blurb][et_pb_image src=\u00bbhttps:\/\/leverelectrics.com\/wp-content\/uploads\/2026\/04\/contacto-lever-electrics-cmpr.jpg\u00bb title_text=\u00bbcontacto lever electrics cmpr\u00bb _builder_version=\u00bb4.27.6&#8243; _module_preset=\u00bbdefault\u00bb custom_margin=\u00bb||60px|||\u00bb global_colors_info=\u00bb{}\u00bb][\/et_pb_image][et_pb_text disabled_on=\u00bbon|on|off\u00bb _builder_version=\u00bb4.27.6&#8243; _module_preset=\u00bbdefault\u00bb text_font=\u00bb|300|||||||\u00bb text_line_height=\u00bb1.2em\u00bb custom_margin=\u00bb||100px|||\u00bb hover_enabled=\u00bb0&#8243; global_colors_info=\u00bb{}\u00bb sticky_enabled=\u00bb0&#8243; text_orientation=\u00bbjustified\u00bb]<\/p>\n<p><strong>TRATAMIENTO DE LA INFORMACI\u00d3N<\/strong><\/p>\n<p>En nombre de la empresa tratamos la informaci\u00f3n que nos facilita con el fin de dar respuesta a la solicitud realizada por usted en relaci\u00f3n con los servicios que prestamos y los productos que suministramos. Los datos proporcionados se conservar\u00e1n mientras se mantenga el contacto siendo eliminados una vez finalizada la solicitud. Los datos no se ceder\u00e1n a terceros salvo en los casos en que exista una obligaci\u00f3n legal. Usted tiene derecho a obtener confirmaci\u00f3n sobre si en Lever electrics estamos tratando sus datos personales por tanto tiene derecho a acceder a sus datos personales, rectificar los datos inexactos o solicitar su supresi\u00f3n cuando los datos ya no sean necesarios. Asimismo podr\u00e1 oponerse al tratamiento de sus datos, solicitar la limitaci\u00f3n al tratamiento y la portabilidad de sus datos. Si considera que sus datos personales no han sido tratados conforme a la normativa, puede contactar con lever@leverelectrics.com Asimismo podr\u00e1 presentar una reclamaci\u00f3n ante la Agencia Espa\u00f1ola de Protecci\u00f3n de Datos, especialmente cuando no haya obtenido la satisfacci\u00f3n en el ejercicio de sus derechos, a trav\u00e9s de la sede electr\u00f3nica en www.aepd.es.<\/p>\n<p>[\/et_pb_text][et_pb_text disabled_on=\u00bbon|on|on\u00bb _builder_version=\u00bb4.27.6&#8243; _module_preset=\u00bbdefault\u00bb text_font=\u00bb||||||||\u00bb text_text_color=\u00bb#FFFFFF\u00bb text_font_size=\u00bb14px\u00bb background_color=\u00bb#777678&#8243; background_layout=\u00bbdark\u00bb custom_margin=\u00bb||||false|false\u00bb custom_padding=\u00bb33px||36px|40px|false|false\u00bb hover_enabled=\u00bb0&#8243; global_colors_info=\u00bb{}\u00bb disabled=\u00bbon\u00bb sticky_enabled=\u00bb0&#8243;]<\/p>\n<p>Aviso Legal\u00a0 \u00a0 \u00a0 \u00a0 Pol\u00edtica de Privacidad\u00a0 \u00a0 \u00a0 \u00a0 T\u00e9rminos y condiciones<\/p>\n<p>[\/et_pb_text][\/et_pb_column][et_pb_column type=\u00bb1_2&#8243; _builder_version=\u00bb4.27.6&#8243; _module_preset=\u00bbdefault\u00bb global_colors_info=\u00bb{}\u00bb][et_pb_blurb title=\u00bbSOLICITAR INFORMACI\u00d3N\u00bb image=\u00bbhttps:\/\/leverelectrics.com\/wp-content\/uploads\/2026\/04\/logo-flecha-lever-electrics-1-gris-300&#215;300-1-150&#215;150.png\u00bb icon_placement=\u00bbleft\u00bb content_max_width=\u00bb640px\u00bb content_max_width_tablet=\u00bb560px\u00bb content_max_width_phone=\u00bb560px\u00bb content_max_width_last_edited=\u00bbon|tablet\u00bb _builder_version=\u00bb4.27.6&#8243; _module_preset=\u00bbdefault\u00bb header_font=\u00bb|800|||||||\u00bb header_text_align=\u00bbleft\u00bb header_font_size=\u00bb26px\u00bb body_font=\u00bb|300|||||||\u00bb body_letter_spacing=\u00bb1px\u00bb background_color=\u00bb#AC5B56&#8243; image_icon_custom_margin=\u00bb5px|||10px|false|false\u00bb image_icon_custom_padding=\u00bb||||false|false\u00bb background_layout=\u00bbdark\u00bb module_alignment=\u00bbleft\u00bb custom_margin=\u00bb||70px||false|false\u00bb custom_padding=\u00bb15px||5px||false|false\u00bb custom_padding_tablet=\u00bb|20px|||false|false\u00bb custom_padding_phone=\u00bb|||20px|false|false\u00bb custom_padding_last_edited=\u00bbon|desktop\u00bb animation=\u00bboff\u00bb hover_enabled=\u00bb0&#8243; locked=\u00bboff\u00bb global_colors_info=\u00bb{}\u00bb sticky_enabled=\u00bb0&#8243;][\/et_pb_blurb][et_pb_contact_form email=\u00bblever@leverelectrics.com\u00bb title=\u00bb%22Potenciamos tu crecimiento%22&#8243; custom_message=\u00bb\u00a1Gracias por tu confianza!||et_pb_line_break_holder||||et_pb_line_break_holder||Pronto nos pondremos en contacto contigo.||et_pb_line_break_holder||||et_pb_line_break_holder||||et_pb_line_break_holder||Un cordial saludo.||et_pb_line_break_holder||||et_pb_line_break_holder||LEVER electrics\u00bb _builder_version=\u00bb4.27.6&#8243; _module_preset=\u00bbdefault\u00bb _unique_id=\u00bbd4e104a0-6ec0-459a-8ec8-2b75faea69fa\u00bb title_font=\u00bb|600|on||||||\u00bb title_text_color=\u00bb#AC5B56&#8243; title_font_size=\u00bb24px\u00bb captcha_font=\u00bb||||||||\u00bb form_field_font=\u00bb|300|||||||\u00bb custom_button=\u00bbon\u00bb button_text_color=\u00bb#FFFFFF\u00bb button_bg_color=\u00bb#BE8479&#8243; button_border_color=\u00bbRGBA(255,255,255,0)\u00bb button_border_radius=\u00bb3px\u00bb button_font=\u00bb|600|||||||\u00bb button_icon=\u00bb&#x45;||divi||400&#8243; button_icon_color=\u00bb#FFFFFF\u00bb button_icon_placement=\u00bbleft\u00bb button_custom_padding=\u00bb|40px||40px|false|false\u00bb custom_padding=\u00bb4px|||||\u00bb hover_enabled=\u00bb0&#8243; global_colors_info=\u00bb{}\u00bb custom_margin=\u00bb||50px|||\u00bb title_line_height=\u00bb1.6em\u00bb sticky_enabled=\u00bb0&#8243;][et_pb_contact_field field_id=\u00bbNombre\u00bb field_title=\u00bb* Nombre\u00bb _builder_version=\u00bb4.27.6&#8243; global_colors_info=\u00bb{}\u00bb button_text_size__hover_enabled=\u00bboff\u00bb button_one_text_size__hover_enabled=\u00bboff\u00bb button_two_text_size__hover_enabled=\u00bboff\u00bb button_text_color__hover_enabled=\u00bboff\u00bb button_one_text_color__hover_enabled=\u00bboff\u00bb button_two_text_color__hover_enabled=\u00bboff\u00bb button_border_width__hover_enabled=\u00bboff\u00bb button_one_border_width__hover_enabled=\u00bboff\u00bb button_two_border_width__hover_enabled=\u00bboff\u00bb button_border_color__hover_enabled=\u00bboff\u00bb button_one_border_color__hover_enabled=\u00bboff\u00bb button_two_border_color__hover_enabled=\u00bboff\u00bb button_border_radius__hover_enabled=\u00bboff\u00bb button_one_border_radius__hover_enabled=\u00bboff\u00bb button_two_border_radius__hover_enabled=\u00bboff\u00bb button_letter_spacing__hover_enabled=\u00bboff\u00bb button_one_letter_spacing__hover_enabled=\u00bboff\u00bb button_two_letter_spacing__hover_enabled=\u00bboff\u00bb button_bg_color__hover_enabled=\u00bboff\u00bb button_one_bg_color__hover_enabled=\u00bboff\u00bb button_two_bg_color__hover_enabled=\u00bboff\u00bb][\/et_pb_contact_field][et_pb_contact_field field_id=\u00bbApellidos\u00bb field_title=\u00bb* Apellidos\u00bb _builder_version=\u00bb4.27.6&#8243; _module_preset=\u00bbdefault\u00bb global_colors_info=\u00bb{}\u00bb][\/et_pb_contact_field][et_pb_contact_field field_id=\u00bbTel\u00e9fono\u00bb field_title=\u00bb* Tel\u00e9fono\u00bb _builder_version=\u00bb4.27.6&#8243; _module_preset=\u00bbdefault\u00bb global_colors_info=\u00bb{}\u00bb][\/et_pb_contact_field][et_pb_contact_field field_id=\u00bbEmpresa\u00bb field_title=\u00bbEmpresa\u00bb required_mark=\u00bboff\u00bb _builder_version=\u00bb4.27.6&#8243; _module_preset=\u00bbdefault\u00bb global_colors_info=\u00bb{}\u00bb][\/et_pb_contact_field][et_pb_contact_field field_id=\u00bbEmail\u00bb field_title=\u00bb* Direcci\u00f3n de correo electr\u00f3nico\u00bb field_type=\u00bbemail\u00bb fullwidth_field=\u00bbon\u00bb _builder_version=\u00bb4.27.6&#8243; global_colors_info=\u00bb{}\u00bb button_text_size__hover_enabled=\u00bboff\u00bb button_one_text_size__hover_enabled=\u00bboff\u00bb button_two_text_size__hover_enabled=\u00bboff\u00bb button_text_color__hover_enabled=\u00bboff\u00bb button_one_text_color__hover_enabled=\u00bboff\u00bb button_two_text_color__hover_enabled=\u00bboff\u00bb button_border_width__hover_enabled=\u00bboff\u00bb button_one_border_width__hover_enabled=\u00bboff\u00bb button_two_border_width__hover_enabled=\u00bboff\u00bb button_border_color__hover_enabled=\u00bboff\u00bb button_one_border_color__hover_enabled=\u00bboff\u00bb button_two_border_color__hover_enabled=\u00bboff\u00bb button_border_radius__hover_enabled=\u00bboff\u00bb button_one_border_radius__hover_enabled=\u00bboff\u00bb button_two_border_radius__hover_enabled=\u00bboff\u00bb button_letter_spacing__hover_enabled=\u00bboff\u00bb button_one_letter_spacing__hover_enabled=\u00bboff\u00bb button_two_letter_spacing__hover_enabled=\u00bboff\u00bb button_bg_color__hover_enabled=\u00bboff\u00bb button_one_bg_color__hover_enabled=\u00bboff\u00bb button_two_bg_color__hover_enabled=\u00bboff\u00bb][\/et_pb_contact_field][et_pb_contact_field field_id=\u00bbMensaje\u00bb field_title=\u00bbMensaje\u00bb field_type=\u00bbtext\u00bb fullwidth_field=\u00bbon\u00bb _builder_version=\u00bb4.27.6&#8243; global_colors_info=\u00bb{}\u00bb button_text_size__hover_enabled=\u00bboff\u00bb button_one_text_size__hover_enabled=\u00bboff\u00bb button_two_text_size__hover_enabled=\u00bboff\u00bb button_text_color__hover_enabled=\u00bboff\u00bb button_one_text_color__hover_enabled=\u00bboff\u00bb button_two_text_color__hover_enabled=\u00bboff\u00bb button_border_width__hover_enabled=\u00bboff\u00bb button_one_border_width__hover_enabled=\u00bboff\u00bb button_two_border_width__hover_enabled=\u00bboff\u00bb button_border_color__hover_enabled=\u00bboff\u00bb button_one_border_color__hover_enabled=\u00bboff\u00bb button_two_border_color__hover_enabled=\u00bboff\u00bb button_border_radius__hover_enabled=\u00bboff\u00bb button_one_border_radius__hover_enabled=\u00bboff\u00bb button_two_border_radius__hover_enabled=\u00bboff\u00bb button_letter_spacing__hover_enabled=\u00bboff\u00bb button_one_letter_spacing__hover_enabled=\u00bboff\u00bb button_two_letter_spacing__hover_enabled=\u00bboff\u00bb button_bg_color__hover_enabled=\u00bboff\u00bb button_one_bg_color__hover_enabled=\u00bboff\u00bb button_two_bg_color__hover_enabled=\u00bboff\u00bb][\/et_pb_contact_field][et_pb_contact_field field_id=\u00bbAviso_Legal\u00bb field_title=\u00bbAviso Legal\u00bb field_type=\u00bbcheckbox\u00bb checkbox_options=\u00bb%91{%22value%22:%22Acepto las condiciones de uso y aviso legal de esta web y su pol\u00edtica de privacidad.%22,%22checked%22:0,%22dragID%22:-1}%93&#8243; fullwidth_field=\u00bbon\u00bb _builder_version=\u00bb4.27.6&#8243; _module_preset=\u00bbdefault\u00bb form_field_font=\u00bb||||||||\u00bb hover_enabled=\u00bb0&#8243; global_colors_info=\u00bb{}\u00bb sticky_enabled=\u00bb0&#8243;][\/et_pb_contact_field][et_pb_contact_field field_id=\u00bbSolicitud_autorizaci\u00f3n\u00bb field_title=\u00bbSolicito su autorizaci\u00f3n para ofrecerle productos y servicios relacionados con los solicitados y fidelizarle como cliente:\u00bb field_type=\u00bbcheckbox\u00bb checkbox_options=\u00bb%91{%22value%22:%22Si%22,%22checked%22:0,%22dragID%22:-1},{%22value%22:%22No%22,%22checked%22:0,%22dragID%22:0}%93&#8243; fullwidth_field=\u00bbon\u00bb _builder_version=\u00bb4.27.6&#8243; _module_preset=\u00bbdefault\u00bb global_colors_info=\u00bb{}\u00bb][\/et_pb_contact_field][\/et_pb_contact_form][et_pb_text _builder_version=\u00bb4.27.6&#8243; _module_preset=\u00bbdefault\u00bb text_font=\u00bb|300|||||||\u00bb text_line_height=\u00bb1.4em\u00bb custom_margin=\u00bb||35px||false|false\u00bb hover_enabled=\u00bb0&#8243; global_colors_info=\u00bb{}\u00bb sticky_enabled=\u00bb0&#8243; min_height=\u00bb120.6px\u00bb custom_padding=\u00bb||0px|||\u00bb]<\/p>\n<p><span>* Campos obligatorios del formulario de contacto.<\/span><\/p>\n<p><span>\u00a0En caso de que usted autorice este tratamiento, sus datos ser\u00e1n conservados mientras perdure la relaci\u00f3n y siga su inter\u00e9s en recibir nuestras comunicaciones. Podr\u00e1 revocar su consentimiento en cualquier momento en la direcci\u00f3n contacto@indomita.es<\/span><\/p>\n<p>[\/et_pb_text][et_pb_text disabled_on=\u00bboff|off|on\u00bb _builder_version=\u00bb4.27.6&#8243; _module_preset=\u00bbdefault\u00bb text_font=\u00bb|300|||||||\u00bb text_line_height=\u00bb1.3em\u00bb custom_margin=\u00bb35px||2px|||\u00bb hover_enabled=\u00bb0&#8243; global_colors_info=\u00bb{}\u00bb sticky_enabled=\u00bb0&#8243; text_orientation=\u00bbjustified\u00bb]<\/p>\n<p><strong>TRATAMIENTO DE LA INFORMACI\u00d3N<\/strong><\/p>\n<p>En nombre de la empresa tratamos la informaci\u00f3n que nos facilita con el fin de dar respuesta a la solicitud realizada por usted en relaci\u00f3n con los servicios que prestamos y los productos que suministramos. Los datos proporcionados se conservar\u00e1n mientras se mantenga el contacto siendo eliminados una vez finalizada la solicitud. Los datos no se ceder\u00e1n a terceros salvo en los casos en que exista una obligaci\u00f3n legal. Usted tiene derecho a obtener confirmaci\u00f3n sobre si en Lever electrics estamos tratando sus datos personales por tanto tiene derecho a acceder a sus datos personales, rectificar los datos inexactos o solicitar su supresi\u00f3n cuando los datos ya no sean necesarios. Asimismo podr\u00e1 oponerse al tratamiento de sus datos, solicitar la limitaci\u00f3n al tratamiento y la portabilidad de sus datos. Si considera que sus datos personales no han sido tratados conforme a la normativa, puede contactar con lever@leverelectrics.com Asimismo podr\u00e1 presentar una reclamaci\u00f3n ante la Agencia Espa\u00f1ola de Protecci\u00f3n de Datos, especialmente cuando no haya obtenido la satisfacci\u00f3n en el ejercicio de sus derechos, a trav\u00e9s de la sede electr\u00f3nica en www.aepd.es.<\/p>\n<p>[\/et_pb_text][et_pb_text disabled_on=\u00bbon|on|on\u00bb _builder_version=\u00bb4.27.6&#8243; _module_preset=\u00bbdefault\u00bb text_font=\u00bb||||||||\u00bb text_text_color=\u00bb#545659&#8243; text_font_size=\u00bb14px\u00bb background_color=\u00bb#D6D6D6&#8243; background_layout=\u00bbdark\u00bb custom_margin=\u00bb39px||0px||false|false\u00bb custom_padding=\u00bb15px||15px|40px|false|false\u00bb hover_enabled=\u00bb0&#8243; global_colors_info=\u00bb{}\u00bb disabled=\u00bbon\u00bb sticky_enabled=\u00bb0&#8243;]<\/p>\n<p>Aviso Legal\u00a0 \u00a0 \u00a0 \u00a0 Pol\u00edtica de Privacidad\u00a0 \u00a0 \u00a0 \u00a0 T\u00e9rminos y condiciones<\/p>\n<p>[\/et_pb_text][et_pb_text _builder_version=\u00bb4.27.6&#8243; _module_preset=\u00bbdefault\u00bb custom_padding=\u00bb||0px|||\u00bb hover_enabled=\u00bb0&#8243; global_colors_info=\u00bb{}\u00bb disabled_on=\u00bbon|on|on\u00bb disabled=\u00bbon\u00bb sticky_enabled=\u00bb0&#8243;]<\/p>\n<p>\u200b<\/p>\n<p>[\/et_pb_text][et_pb_button button_text=\u00bbAviso Legal\u00bb _builder_version=\u00bb4.27.6&#8243; _module_preset=\u00bbdefault\u00bb custom_button=\u00bbon\u00bb button_font=\u00bb|600|||||||\u00bb button_text_size=\u00bb14px\u00bb hover_enabled=\u00bb0&#8243; sticky_enabled=\u00bb0&#8243; custom_margin=\u00bb||0px||false|false\u00bb custom_padding=\u00bb|||0px|false|false\u00bb button_use_icon=\u00bboff\u00bb button_alignment=\u00bbleft\u00bb][\/et_pb_button][et_pb_button button_text=\u00bbPol\u00edtica de Privacidad\u00bb _builder_version=\u00bb4.27.6&#8243; _module_preset=\u00bbdefault\u00bb custom_button=\u00bbon\u00bb button_font=\u00bb|600|||||||\u00bb button_text_size=\u00bb14px\u00bb sticky_enabled=\u00bb0&#8243; custom_margin=\u00bb||0px||false|false\u00bb custom_padding=\u00bb|||0px|false|false\u00bb button_use_icon=\u00bboff\u00bb button_alignment=\u00bbleft\u00bb][\/et_pb_button][et_pb_button button_text=\u00bbT\u00e9rminos y condiciones\u00bb _builder_version=\u00bb4.27.6&#8243; _module_preset=\u00bbdefault\u00bb custom_button=\u00bbon\u00bb button_font=\u00bb|600|||||||\u00bb button_text_size=\u00bb14px\u00bb sticky_enabled=\u00bb0&#8243; custom_margin=\u00bb||0px||false|false\u00bb custom_padding=\u00bb|||0px|false|false\u00bb button_use_icon=\u00bboff\u00bb button_alignment=\u00bbleft\u00bb][\/et_pb_button][\/et_pb_column][\/et_pb_row][et_pb_row _builder_version=\u00bb4.27.6&#8243; _module_preset=\u00bbdefault\u00bb disabled_on=\u00bbon|on|on\u00bb disabled=\u00bbon\u00bb hover_enabled=\u00bb0&#8243; sticky_enabled=\u00bb0&#8243;][et_pb_column _builder_version=\u00bb4.27.6&#8243; _module_preset=\u00bbdefault\u00bb type=\u00bb4_4&#8243;][et_pb_text disabled_on=\u00bbon|on|off\u00bb _builder_version=\u00bb4.27.6&#8243; _module_preset=\u00bbdefault\u00bb text_font=\u00bb||||||||\u00bb text_text_color=\u00bb#FFFFFF\u00bb text_font_size=\u00bb14px\u00bb background_color=\u00bb#777678&#8243; background_layout=\u00bbdark\u00bb custom_margin=\u00bb||||false|false\u00bb custom_padding=\u00bb17px||20px|40px|false|false\u00bb global_colors_info=\u00bb{}\u00bb]<\/p>\n<p>Aviso Legal\u00a0 \u00a0 \u00a0 \u00a0 Pol\u00edtica de Privacidad\u00a0 \u00a0 \u00a0 \u00a0 T\u00e9rminos y condiciones<\/p>\n<p>[\/et_pb_text][\/et_pb_column][\/et_pb_row][\/et_pb_section]<\/p>\n","protected":false},"excerpt":{"rendered":"<p>968 781 925lever@leverelectrics.comP. I. Los Romerales, parc. 19, Jumilla (Murcia)TRATAMIENTO DE LA INFORMACI\u00d3N En nombre de la empresa tratamos la informaci\u00f3n que nos facilita con el fin de dar respuesta a la solicitud realizada por usted en relaci\u00f3n con los servicios que prestamos y los productos que suministramos. Los datos proporcionados se conservar\u00e1n mientras se [&hellip;]<\/p>\n","protected":false},"author":2,"featured_media":0,"parent":0,"menu_order":0,"comment_status":"closed","ping_status":"closed","template":"","meta":{"_et_pb_use_builder":"on","_et_pb_old_content":"","_et_gb_content_width":"","footnotes":""},"class_list":["post-230691","page","type-page","status-publish","hentry"],"_links":{"self":[{"href":"https:\/\/leverelectrics.com\/index.php\/wp-json\/wp\/v2\/pages\/230691","targetHints":{"allow":["GET"]}}],"collection":[{"href":"https:\/\/leverelectrics.com\/index.php\/wp-json\/wp\/v2\/pages"}],"about":[{"href":"https:\/\/leverelectrics.com\/index.php\/wp-json\/wp\/v2\/types\/page"}],"author":[{"embeddable":true,"href":"https:\/\/leverelectrics.com\/index.php\/wp-json\/wp\/v2\/users\/2"}],"replies":[{"embeddable":true,"href":"https:\/\/leverelectrics.com\/index.php\/wp-json\/wp\/v2\/comments?post=230691"}],"version-history":[{"count":80,"href":"https:\/\/leverelectrics.com\/index.php\/wp-json\/wp\/v2\/pages\/230691\/revisions"}],"predecessor-version":[{"id":230859,"href":"https:\/\/leverelectrics.com\/index.php\/wp-json\/wp\/v2\/pages\/230691\/revisions\/230859"}],"wp:attachment":[{"href":"https:\/\/leverelectrics.com\/index.php\/wp-json\/wp\/v2\/media?parent=230691"}],"curies":[{"name":"wp","href":"https:\/\/api.w.org\/{rel}","templated":true}]}}